{"id":759,"date":"2020-04-21T08:59:59","date_gmt":"2020-04-21T06:59:59","guid":{"rendered":"https:\/\/www.therapiestubn.at\/start\/?page_id=759"},"modified":"2024-11-13T19:43:49","modified_gmt":"2024-11-13T18:43:49","slug":"craniosacrale-osteopathie","status":"publish","type":"page","link":"https:\/\/www.therapiestubn.at\/start\/anwendungen\/craniosacrale-osteopathie\/","title":{"rendered":"CRANIOSACRALE OSTEOPATHIE"},"content":{"rendered":"<p><a data-elementor-open-lightbox=\"\"  class='elementor-clickable' href=\"https:\/\/www.therapiestubn.at\/start\"><br \/>\n\t\t\t\t\t<img decoding=\"async\"  src=\"https:\/\/www.therapiestubn.at\/start\/wp-content\/uploads\/2020\/04\/logo.png\"\/><br \/>\n\t\t\t\t\t\t\t<\/a><\/p>\n<ul id=\"main-menu\">\n<li><a href=\"https:\/\/www.therapiestubn.at\/start\/\">START<\/a><\/li>\n<li><a href=\"https:\/\/www.therapiestubn.at\/start\/unser-team\/\">UNSER TEAM<\/a><\/li>\n<li><a href=\"https:\/\/www.therapiestubn.at\/start\/anwendungen\/\">BEHANDLUNGSKONZEPTE<\/a>\n<ul>\n<li><a href=\"https:\/\/www.therapiestubn.at\/start\/anwendungen\/craniosacrale-osteopathie\/\">CRANIOSACRALE OSTEOPATHIE<\/a>\n<li><a href=\"https:\/\/www.therapiestubn.at\/start\/anwendungen\/viszerale-therapie\/\">VISZERALE THERAPIE<\/a>\n<li><a href=\"https:\/\/www.therapiestubn.at\/start\/anwendungen\/sportphysiotherapie\/\">SPORTPHYSIOTHERAPIE<\/a>\n<li><a href=\"https:\/\/www.therapiestubn.at\/start\/anwendungen\/manuelle-lymphdrainage\/\">MANUELLE LYMPHDRAINAGE<\/a>\n<li><a href=\"https:\/\/www.therapiestubn.at\/start\/anwendungen\/apm-anpipomai-starqi\/\">APM\/AnPiMoMai\/StarQi<\/a>\n<li><a href=\"https:\/\/www.therapiestubn.at\/start\/anwendungen\/fdm-fasziendistorsionsmodell-nach-typaldos\/\">FDM \u2013 Fasziendistorsionsmodell nach Typaldos<\/a>\n<li><a href=\"https:\/\/www.therapiestubn.at\/start\/anwendungen\/aroma-touch\/\">AROMA TOUCH<\/a>\n<li><a href=\"https:\/\/www.therapiestubn.at\/start\/anwendungen\/scenar-behandlung\/\">SCENAR BEHANDLUNG<\/a>\n<li><a href=\"https:\/\/www.therapiestubn.at\/start\/anwendungen\/k-taping\/\">K-TAPING<\/a>\n<li><a href=\"https:\/\/www.therapiestubn.at\/start\/anwendungen\/physioenergetik\/\">PHYSIOENERGETIK<\/a>\n<li><a href=\"https:\/\/www.therapiestubn.at\/start\/anwendungen\/ganzheitliche-frauenheilmassage\/\">GANZHEITLICHE FRAUENHEILMASSAGE<\/a>\n<li><a href=\"https:\/\/www.therapiestubn.at\/start\/anwendungen\/mulligan\/\">MULLIGAN<\/a>\n<li><a href=\"https:\/\/www.therapiestubn.at\/start\/anwendungen\/bachblueten-therapie\/\">BACHBL\u00dcTEN THERAPIE<\/a>\n<li><a href=\"https:\/\/www.therapiestubn.at\/start\/anwendungen\/fussreflexzonen\/\">FUSSREFLEXZONEN<\/a>\n<li><a href=\"https:\/\/www.therapiestubn.at\/start\/anwendungen\/crafta\/\">CRAFTA<\/a>\n<li><a href=\"https:\/\/www.therapiestubn.at\/start\/anwendungen\/hotcold-stone-massage\/\">HOT&#038;COLD STONE MASSAGE<\/a><\/ul>\n<\/li>\n<li><a href=\"https:\/\/www.therapiestubn.at\/start\/leistungen\/\">KONTAKT<\/a><\/li>\n<li><a href=\"https:\/\/www.therapiestubn.at\/start\/preise\/\">PREISE<\/a><\/li>\n<\/ul>\n<p>\t\t\t\t\t\t<a href=\"https:\/\/www.therapiestubn.at\/start\" target=\"_self\" rel=\"noopener noreferrer\"><br \/>\n\t\t\t\t\t\t\t<img decoding=\"async\" src=\"https:\/\/www.therapiestubn.at\/start\/wp-content\/uploads\/2020\/05\/Logo-Therapie-Stubn.jpg\" alt=\"\" ><br \/>\n\t\t\t\t\t\t<\/a><br \/>\n\t\t\t\t\t<button type=\"button\">X<\/button><\/p>\n<h2>Craniosacrale Osteopathie <\/h2>\n<p>Definition:<\/p>\n<ul>\n<li>\n<p lang=\"de-AT\">Cranium \u2013 lat. Sch\u00e4del<\/p>\n<\/li>\n<li>\n<p lang=\"de-AT\">Sacrum \u2013 lat. Kreuzbein<\/p>\n<\/li>\n<li>\n<p lang=\"de-AT\">Os \u2013 lat. Knochen<\/p>\n<\/li>\n<\/ul>\n<p>Zwei Kreisl\u00e4ufe im K\u00f6rper sind den meisten Menschen bekannt: der Blutkreislauf und der Atemkreislauf. Beide erzeugen einen f\u00fchlbaren Rhythmus.<\/p>\n<p>Der Craniosacrale Rhythmus ist ein weiterer Rhythmus in unserem K\u00f6rper und entsteht aufgrund der Hirn- und R\u00fcckenmarksfl\u00fcssigkeit, dem Liquor. Der Liquor zirkuliert zwischen Sch\u00e4del und Kreuzbein. Dieser feine Bewegungsrhythmus \u00fcbertr\u00e4gt sich auf die Hirnh\u00e4ute, die einzelnen Sch\u00e4delknochen, die Wirbels\u00e4ule und auf das Kreuzbein und ist schlie\u00dflich im gesamten K\u00f6rper zu ersp\u00fcren. Er dient in der Behandlung zur Diagnose und Aktivierung der Selbstheilungskr\u00e4fte. Ursachen f\u00fcr Dysbalancen in diesem Bewegunsrhythmus k\u00f6nnen zB schwere St\u00fcrze, Krankheiten, Fehlstellungen, Operationen, psychische Belastungen, Burn Out, innere Konfliktsituationen uvm sein.<\/p>\n<p>Was sp\u00fcre ich w\u00e4hrend der Behandlung?<br \/>Der Patient versp\u00fcrt eine tiefe Entspannung und das Gef\u00fchl der Erleichterung. Daher eignet sich die CSO nicht nur bei Krankheitssymptomen sondern gerade auch bei vermehrtem Stress und \u00fcberm\u00e4\u00dfiger Anspannung.<\/p>\n<p>Was macht der Therapeut w\u00e4hrend der Behandlung?<br \/>Durch sanftes Halten und minimalem Druck an bestimmten Punkten wird das komplexe Zusammenspiel von den verschiedenen Strukturen im K\u00f6rper (Knochen, Muskeln, Nerven, Organe usw.) harmonisiert und in den physiologischen Ursprung zur\u00fcck gebracht.<\/p>\n<p>Wann kann die Craniosacrale Osteopathie Linderung schaffen?<\/p>\n<ul>\n<li>\n<p lang=\"de-AT\">Kopfschmerzen<\/p>\n<\/li>\n<li>\n<p lang=\"de-AT\">Schwindel, Tinnitus<\/p>\n<\/li>\n<li>\n<p lang=\"de-AT\">Schleuder-, Sturz-, Stauchungstrauma<\/p>\n<\/li>\n<li>\n<p lang=\"de-AT\">Chronische Schmerzzust\u00e4nde<\/p>\n<\/li>\n<li>\n<p lang=\"de-AT\">nach Operationen, Lumbalpunktionen<\/p>\n<\/li>\n<li>\n<p lang=\"de-AT\">nach schweren Erkrankungen (zB Meninigitis)<\/p>\n<\/li>\n<li>\n<p lang=\"de-AT\">hormonelle Beschwerden (Menstruation, Menopause, \u2026)<\/p>\n<\/li>\n<li>\n<p lang=\"de-AT\">Stress, Ersch\u00f6pfungszust\u00e4nde, Burn Out, Schlafst\u00f6rungen<\/p>\n<\/li>\n<li>\n<p lang=\"de-AT\">belastende Lebenssituationen, leichte depressive Verstimmungen<\/p>\n<\/li>\n<li>\n<p>als Begleittherapie bei zahn\u00e4rztlichen Behandlungen, Z\u00e4hneknirschen <br \/>usw.<\/p>\n<\/li>\n<\/ul>\n<p>\t\t\t\t\t\t\t\t\t\t<img fetchpriority=\"high\" decoding=\"async\" width=\"780\" height=\"520\" src=\"https:\/\/www.therapiestubn.at\/start\/wp-content\/uploads\/2020\/04\/Cranio1-1024x683.jpg\" alt=\"\" srcset=\"https:\/\/www.therapiestubn.at\/start\/wp-content\/uploads\/2020\/04\/Cranio1-1024x683.jpg 1024w, https:\/\/www.therapiestubn.at\/start\/wp-content\/uploads\/2020\/04\/Cranio1-300x200.jpg 300w, https:\/\/www.therapiestubn.at\/start\/wp-content\/uploads\/2020\/04\/Cranio1-768x512.jpg 768w, https:\/\/www.therapiestubn.at\/start\/wp-content\/uploads\/2020\/04\/Cranio1-90x60.jpg 90w, https:\/\/www.therapiestubn.at\/start\/wp-content\/uploads\/2020\/04\/Cranio1.jpg 1500w\" sizes=\"(max-width: 780px) 100vw, 780px\" \/><\/p>\n","protected":false},"excerpt":{"rendered":"<p>START UNSER TEAM BEHANDLUNGSKONZEPTE CRANIOSACRALE OSTEOPATHIE VISZERALE THERAPIE SPORTPHYSIOTHERAPIE MANUELLE LYMPHDRAINAGE APM\/AnPiMoMai\/StarQi FDM \u2013 Fasziendistorsionsmodell nach Typaldos AROMA TOUCH SCENAR BEHANDLUNG K-TAPING PHYSIOENERGETIK GANZHEITLICHE FRAUENHEILMASSAGE MULLIGAN BACHBL\u00dcTEN THERAPIE FUSSREFLEXZONEN CRAFTA HOT&#038;COLD STONE MASSAGE KONTAKT PREISE X Craniosacrale Osteopathie Definition: Cranium \u2013 lat. Sch\u00e4del Sacrum \u2013 lat. Kreuzbein Os \u2013 lat. Knochen Zwei Kreisl\u00e4ufe im K\u00f6rper &hellip; <\/p>\n","protected":false},"author":1,"featured_media":0,"parent":48,"menu_order":0,"comment_status":"closed","ping_status":"closed","template":"elementor_canvas","meta":{"footnotes":""},"class_list":["post-759","page","type-page","status-publish","hentry"],"yoast_head":"<!-- This site is optimized with the Yoast SEO plugin v24.6 - https:\/\/yoast.com\/wordpress\/plugins\/seo\/ -->\n<title>CRANIOSACRALE OSTEOPATHIE - Therapiestubn<\/title>\n<meta name=\"robots\" content=\"index, follow, max-snippet:-1, max-image-preview:large, max-video-preview:-1\" \/>\n<link rel=\"canonical\" href=\"https:\/\/www.therapiestubn.at\/start\/anwendungen\/craniosacrale-osteopathie\/\" \/>\n<meta property=\"og:locale\" content=\"de_DE\" \/>\n<meta property=\"og:type\" content=\"article\" \/>\n<meta property=\"og:title\" content=\"CRANIOSACRALE OSTEOPATHIE - Therapiestubn\" \/>\n<meta property=\"og:description\" content=\"START UNSER TEAM BEHANDLUNGSKONZEPTE CRANIOSACRALE OSTEOPATHIE VISZERALE THERAPIE SPORTPHYSIOTHERAPIE MANUELLE LYMPHDRAINAGE APM\/AnPiMoMai\/StarQi FDM \u2013 Fasziendistorsionsmodell nach Typaldos AROMA TOUCH SCENAR BEHANDLUNG K-TAPING PHYSIOENERGETIK GANZHEITLICHE FRAUENHEILMASSAGE MULLIGAN BACHBL\u00dcTEN THERAPIE FUSSREFLEXZONEN CRAFTA HOT&#038;COLD STONE MASSAGE KONTAKT PREISE X Craniosacrale Osteopathie Definition: Cranium \u2013 lat. Sch\u00e4del Sacrum \u2013 lat. Kreuzbein Os \u2013 lat. Knochen Zwei Kreisl\u00e4ufe im K\u00f6rper &hellip;\" \/>\n<meta property=\"og:url\" content=\"https:\/\/www.therapiestubn.at\/start\/anwendungen\/craniosacrale-osteopathie\/\" \/>\n<meta property=\"og:site_name\" content=\"Therapiestubn\" \/>\n<meta property=\"article:modified_time\" content=\"2024-11-13T18:43:49+00:00\" \/>\n<meta property=\"og:image\" content=\"https:\/\/www.therapiestubn.at\/start\/wp-content\/uploads\/2020\/04\/logo.png\" \/>\n<meta name=\"twitter:card\" content=\"summary_large_image\" \/>\n<meta name=\"twitter:label1\" content=\"Gesch\u00e4tzte Lesezeit\" \/>\n\t<meta name=\"twitter:data1\" content=\"3\u00a0Minuten\" \/>\n<script type=\"application\/ld+json\" class=\"yoast-schema-graph\">{\"@context\":\"https:\/\/schema.org\",\"@graph\":[{\"@type\":\"WebPage\",\"@id\":\"https:\/\/www.therapiestubn.at\/start\/anwendungen\/craniosacrale-osteopathie\/\",\"url\":\"https:\/\/www.therapiestubn.at\/start\/anwendungen\/craniosacrale-osteopathie\/\",\"name\":\"CRANIOSACRALE OSTEOPATHIE - Therapiestubn\",\"isPartOf\":{\"@id\":\"https:\/\/www.therapiestubn.at\/start\/#website\"},\"primaryImageOfPage\":{\"@id\":\"https:\/\/www.therapiestubn.at\/start\/anwendungen\/craniosacrale-osteopathie\/#primaryimage\"},\"image\":{\"@id\":\"https:\/\/www.therapiestubn.at\/start\/anwendungen\/craniosacrale-osteopathie\/#primaryimage\"},\"thumbnailUrl\":\"https:\/\/www.therapiestubn.at\/start\/wp-content\/uploads\/2020\/04\/logo.png\",\"datePublished\":\"2020-04-21T06:59:59+00:00\",\"dateModified\":\"2024-11-13T18:43:49+00:00\",\"breadcrumb\":{\"@id\":\"https:\/\/www.therapiestubn.at\/start\/anwendungen\/craniosacrale-osteopathie\/#breadcrumb\"},\"inLanguage\":\"de\",\"potentialAction\":[{\"@type\":\"ReadAction\",\"target\":[\"https:\/\/www.therapiestubn.at\/start\/anwendungen\/craniosacrale-osteopathie\/\"]}]},{\"@type\":\"ImageObject\",\"inLanguage\":\"de\",\"@id\":\"https:\/\/www.therapiestubn.at\/start\/anwendungen\/craniosacrale-osteopathie\/#primaryimage\",\"url\":\"https:\/\/www.therapiestubn.at\/start\/wp-content\/uploads\/2020\/04\/logo.png\",\"contentUrl\":\"https:\/\/www.therapiestubn.at\/start\/wp-content\/uploads\/2020\/04\/logo.png\",\"width\":842,\"height\":275},{\"@type\":\"BreadcrumbList\",\"@id\":\"https:\/\/www.therapiestubn.at\/start\/anwendungen\/craniosacrale-osteopathie\/#breadcrumb\",\"itemListElement\":[{\"@type\":\"ListItem\",\"position\":1,\"name\":\"Startseite\",\"item\":\"https:\/\/www.therapiestubn.at\/start\/\"},{\"@type\":\"ListItem\",\"position\":2,\"name\":\"BEHANDLUNGSKONZEPTE\",\"item\":\"https:\/\/www.therapiestubn.at\/start\/anwendungen\/\"},{\"@type\":\"ListItem\",\"position\":3,\"name\":\"CRANIOSACRALE OSTEOPATHIE\"}]},{\"@type\":\"WebSite\",\"@id\":\"https:\/\/www.therapiestubn.at\/start\/#website\",\"url\":\"https:\/\/www.therapiestubn.at\/start\/\",\"name\":\"Therapiestubn\",\"description\":\"\",\"publisher\":{\"@id\":\"https:\/\/www.therapiestubn.at\/start\/#organization\"},\"potentialAction\":[{\"@type\":\"SearchAction\",\"target\":{\"@type\":\"EntryPoint\",\"urlTemplate\":\"https:\/\/www.therapiestubn.at\/start\/?s={search_term_string}\"},\"query-input\":{\"@type\":\"PropertyValueSpecification\",\"valueRequired\":true,\"valueName\":\"search_term_string\"}}],\"inLanguage\":\"de\"},{\"@type\":\"Organization\",\"@id\":\"https:\/\/www.therapiestubn.at\/start\/#organization\",\"name\":\"Therapiestubn\",\"url\":\"https:\/\/www.therapiestubn.at\/start\/\",\"logo\":{\"@type\":\"ImageObject\",\"inLanguage\":\"de\",\"@id\":\"https:\/\/www.therapiestubn.at\/start\/#\/schema\/logo\/image\/\",\"url\":\"https:\/\/www.therapiestubn.at\/start\/wp-content\/uploads\/2020\/04\/therapiestubn.png\",\"contentUrl\":\"https:\/\/www.therapiestubn.at\/start\/wp-content\/uploads\/2020\/04\/therapiestubn.png\",\"width\":842,\"height\":595,\"caption\":\"Therapiestubn\"},\"image\":{\"@id\":\"https:\/\/www.therapiestubn.at\/start\/#\/schema\/logo\/image\/\"}}]}<\/script>\n<!-- \/ Yoast SEO plugin. -->","yoast_head_json":{"title":"CRANIOSACRALE OSTEOPATHIE - Therapiestubn","robots":{"index":"index","follow":"follow","max-snippet":"max-snippet:-1","max-image-preview":"max-image-preview:large","max-video-preview":"max-video-preview:-1"},"canonical":"https:\/\/www.therapiestubn.at\/start\/anwendungen\/craniosacrale-osteopathie\/","og_locale":"de_DE","og_type":"article","og_title":"CRANIOSACRALE OSTEOPATHIE - Therapiestubn","og_description":"START UNSER TEAM BEHANDLUNGSKONZEPTE CRANIOSACRALE OSTEOPATHIE VISZERALE THERAPIE SPORTPHYSIOTHERAPIE MANUELLE LYMPHDRAINAGE APM\/AnPiMoMai\/StarQi FDM \u2013 Fasziendistorsionsmodell nach Typaldos AROMA TOUCH SCENAR BEHANDLUNG K-TAPING PHYSIOENERGETIK GANZHEITLICHE FRAUENHEILMASSAGE MULLIGAN BACHBL\u00dcTEN THERAPIE FUSSREFLEXZONEN CRAFTA HOT&#038;COLD STONE MASSAGE KONTAKT PREISE X Craniosacrale Osteopathie Definition: Cranium \u2013 lat. Sch\u00e4del Sacrum \u2013 lat. Kreuzbein Os \u2013 lat. Knochen Zwei Kreisl\u00e4ufe im K\u00f6rper &hellip;","og_url":"https:\/\/www.therapiestubn.at\/start\/anwendungen\/craniosacrale-osteopathie\/","og_site_name":"Therapiestubn","article_modified_time":"2024-11-13T18:43:49+00:00","og_image":[{"url":"https:\/\/www.therapiestubn.at\/start\/wp-content\/uploads\/2020\/04\/logo.png","type":"","width":"","height":""}],"twitter_card":"summary_large_image","twitter_misc":{"Gesch\u00e4tzte Lesezeit":"3\u00a0Minuten"},"schema":{"@context":"https:\/\/schema.org","@graph":[{"@type":"WebPage","@id":"https:\/\/www.therapiestubn.at\/start\/anwendungen\/craniosacrale-osteopathie\/","url":"https:\/\/www.therapiestubn.at\/start\/anwendungen\/craniosacrale-osteopathie\/","name":"CRANIOSACRALE OSTEOPATHIE - Therapiestubn","isPartOf":{"@id":"https:\/\/www.therapiestubn.at\/start\/#website"},"primaryImageOfPage":{"@id":"https:\/\/www.therapiestubn.at\/start\/anwendungen\/craniosacrale-osteopathie\/#primaryimage"},"image":{"@id":"https:\/\/www.therapiestubn.at\/start\/anwendungen\/craniosacrale-osteopathie\/#primaryimage"},"thumbnailUrl":"https:\/\/www.therapiestubn.at\/start\/wp-content\/uploads\/2020\/04\/logo.png","datePublished":"2020-04-21T06:59:59+00:00","dateModified":"2024-11-13T18:43:49+00:00","breadcrumb":{"@id":"https:\/\/www.therapiestubn.at\/start\/anwendungen\/craniosacrale-osteopathie\/#breadcrumb"},"inLanguage":"de","potentialAction":[{"@type":"ReadAction","target":["https:\/\/www.therapiestubn.at\/start\/anwendungen\/craniosacrale-osteopathie\/"]}]},{"@type":"ImageObject","inLanguage":"de","@id":"https:\/\/www.therapiestubn.at\/start\/anwendungen\/craniosacrale-osteopathie\/#primaryimage","url":"https:\/\/www.therapiestubn.at\/start\/wp-content\/uploads\/2020\/04\/logo.png","contentUrl":"https:\/\/www.therapiestubn.at\/start\/wp-content\/uploads\/2020\/04\/logo.png","width":842,"height":275},{"@type":"BreadcrumbList","@id":"https:\/\/www.therapiestubn.at\/start\/anwendungen\/craniosacrale-osteopathie\/#breadcrumb","itemListElement":[{"@type":"ListItem","position":1,"name":"Startseite","item":"https:\/\/www.therapiestubn.at\/start\/"},{"@type":"ListItem","position":2,"name":"BEHANDLUNGSKONZEPTE","item":"https:\/\/www.therapiestubn.at\/start\/anwendungen\/"},{"@type":"ListItem","position":3,"name":"CRANIOSACRALE OSTEOPATHIE"}]},{"@type":"WebSite","@id":"https:\/\/www.therapiestubn.at\/start\/#website","url":"https:\/\/www.therapiestubn.at\/start\/","name":"Therapiestubn","description":"","publisher":{"@id":"https:\/\/www.therapiestubn.at\/start\/#organization"},"potentialAction":[{"@type":"SearchAction","target":{"@type":"EntryPoint","urlTemplate":"https:\/\/www.therapiestubn.at\/start\/?s={search_term_string}"},"query-input":{"@type":"PropertyValueSpecification","valueRequired":true,"valueName":"search_term_string"}}],"inLanguage":"de"},{"@type":"Organization","@id":"https:\/\/www.therapiestubn.at\/start\/#organization","name":"Therapiestubn","url":"https:\/\/www.therapiestubn.at\/start\/","logo":{"@type":"ImageObject","inLanguage":"de","@id":"https:\/\/www.therapiestubn.at\/start\/#\/schema\/logo\/image\/","url":"https:\/\/www.therapiestubn.at\/start\/wp-content\/uploads\/2020\/04\/therapiestubn.png","contentUrl":"https:\/\/www.therapiestubn.at\/start\/wp-content\/uploads\/2020\/04\/therapiestubn.png","width":842,"height":595,"caption":"Therapiestubn"},"image":{"@id":"https:\/\/www.therapiestubn.at\/start\/#\/schema\/logo\/image\/"}}]}},"_links":{"self":[{"href":"https:\/\/www.therapiestubn.at\/start\/wp-json\/wp\/v2\/pages\/759","targetHints":{"allow":["GET"]}}],"collection":[{"href":"https:\/\/www.therapiestubn.at\/start\/wp-json\/wp\/v2\/pages"}],"about":[{"href":"https:\/\/www.therapiestubn.at\/start\/wp-json\/wp\/v2\/types\/page"}],"author":[{"embeddable":true,"href":"https:\/\/www.therapiestubn.at\/start\/wp-json\/wp\/v2\/users\/1"}],"replies":[{"embeddable":true,"href":"https:\/\/www.therapiestubn.at\/start\/wp-json\/wp\/v2\/comments?post=759"}],"version-history":[{"count":15,"href":"https:\/\/www.therapiestubn.at\/start\/wp-json\/wp\/v2\/pages\/759\/revisions"}],"predecessor-version":[{"id":1326,"href":"https:\/\/www.therapiestubn.at\/start\/wp-json\/wp\/v2\/pages\/759\/revisions\/1326"}],"up":[{"embeddable":true,"href":"https:\/\/www.therapiestubn.at\/start\/wp-json\/wp\/v2\/pages\/48"}],"wp:attachment":[{"href":"https:\/\/www.therapiestubn.at\/start\/wp-json\/wp\/v2\/media?parent=759"}],"curies":[{"name":"wp","href":"https:\/\/api.w.org\/{rel}","templated":true}]}}